{"id":415,"date":"2024-01-11T11:36:16","date_gmt":"2024-01-11T11:36:16","guid":{"rendered":"https:\/\/replikamodels.star2com.com\/index.php\/aeronautica-aerospaziale\/"},"modified":"2024-01-25T15:22:32","modified_gmt":"2024-01-25T15:22:32","slug":"aeronautica-aerospaziale","status":"publish","type":"page","link":"https:\/\/replikamodels.star2com.com\/it\/produzione\/aeronautica-aerospaziale\/","title":{"rendered":"Aeronautica \/ Aerospaziale"},"content":{"rendered":"\n<figure class=\"wp-block-image size-large\"><img loading=\"lazy\" decoding=\"async\" width=\"1024\" height=\"768\" src=\"https:\/\/replikamodels.star2com.com\/wp-content\/uploads\/2024\/01\/WhatsApp-Image-2023-12-14-at-19.01.07-1024x768.jpeg\" alt=\"\" class=\"wp-image-118\" srcset=\"https:\/\/replikamodels.star2com.com\/wp-content\/uploads\/2024\/01\/WhatsApp-Image-2023-12-14-at-19.01.07-1024x768.jpeg 1024w, https:\/\/replikamodels.star2com.com\/wp-content\/uploads\/2024\/01\/WhatsApp-Image-2023-12-14-at-19.01.07-300x225.jpeg 300w, https:\/\/replikamodels.star2com.com\/wp-content\/uploads\/2024\/01\/WhatsApp-Image-2023-12-14-at-19.01.07-768x576.jpeg 768w, https:\/\/replikamodels.star2com.com\/wp-content\/uploads\/2024\/01\/WhatsApp-Image-2023-12-14-at-19.01.07-1536x1152.jpeg 1536w, https:\/\/replikamodels.star2com.com\/wp-content\/uploads\/2024\/01\/WhatsApp-Image-2023-12-14-at-19.01.07.jpeg 2048w\" sizes=\"auto, (max-width: 1024px) 100vw, 1024px\" \/><\/figure>\n\n\n\n<p>L&#8217;impegno di <strong>REPLIKA MODELS<\/strong> per l&#8217;eccellenza nell&#8217;<strong>ingegneria aerospaziale<\/strong> ci contraddistingue. Possediamo l&#8217;esperienza necessaria per creare e personalizzare aerei ed elicotteri, adottando tecniche di produzione all&#8217;avanguardia e dando priorit\u00e0 alla tutela dell&#8217;ambiente. La nostra dedizione alla sostenibilit\u00e0 \u00e8 evidente nell&#8217;uso esclusivo di materiali green certificati in tutti i nostri processi produttivi.<\/p>\n\n\n\n<p>Siamo specializzati nel <strong>settore Aeronautico e Aerospaziale<\/strong> nella realizzazione di modelli in scala 1:32 (o pi\u00f9 piccoli) fino a dimensioni museali. Le nostre capacit\u00e0 vanno oltre la replica: diamo vita a ogni dettaglio, garantendo un&#8217;accuratezza e una precisione senza pari.<\/p>\n\n\n\n<p>La creazione di un modello da zero comporta in genere una tempistica di tre mesi. La prima fase comprende un mese dedicato allo sviluppo dei file pronti per la stampa. I due mesi successivi, invece, sono dedicati meticolosamente all&#8217;assemblaggio e alla verniciatura, che culminano in una rappresentazione fedele dell&#8217;aereo ordinato.<\/p>\n\n\n\n<p>Ogni progetto \u00e8 personalizzato in base alle vostre specifiche. Contattateci per discutere le vostre esigenze e ricevere un preventivo personalizzato. Lasciateci dare vita alla vostra visione aerospaziale con la nostra passione per l&#8217;artigianato e la nostra dedizione all&#8217;eccellenza.<\/p>\n","protected":false},"excerpt":{"rendered":"<p>L&#8217;impegno di REPLIKA MODELS per l&#8217;eccellenza nell&#8217;ingegneria aerospaziale ci contraddistingue. Possediamo l&#8217;esperienza necessaria per creare e personalizzare aerei ed elicotteri, adottando tecniche di produzione all&#8217;avanguardia e dando priorit\u00e0 alla tutela dell&#8217;ambiente. La nostra dedizione alla sostenibilit\u00e0 \u00e8 evidente nell&#8217;uso esclusivo di materiali green certificati in tutti i nostri processi produttivi. Siamo specializzati nel settore Aeronautico [&hellip;]<\/p>\n","protected":false},"author":1,"featured_media":0,"parent":417,"menu_order":0,"comment_status":"closed","ping_status":"closed","template":"","meta":{"footnotes":""},"class_list":["post-415","page","type-page","status-publish","hentry"],"yoast_head":"<!-- This site is optimized with the Yoast SEO plugin v27.4 - https:\/\/yoast.com\/product\/yoast-seo-wordpress\/ -->\n<title>Aeronautica \/ Aerospaziale - Replika Models<\/title>\n<meta name=\"robots\" content=\"index, follow, max-snippet:-1, max-image-preview:large, max-video-preview:-1\" \/>\n<link rel=\"canonical\" href=\"https:\/\/replikamodels.star2com.com\/it\/produzione\/aeronautica-aerospaziale\/\" \/>\n<meta property=\"og:locale\" content=\"it_IT\" \/>\n<meta property=\"og:type\" content=\"article\" \/>\n<meta property=\"og:title\" content=\"Aeronautica \/ Aerospaziale - Replika Models\" \/>\n<meta property=\"og:description\" content=\"L&#8217;impegno di REPLIKA MODELS per l&#8217;eccellenza nell&#8217;ingegneria aerospaziale ci contraddistingue. Possediamo l&#8217;esperienza necessaria per creare e personalizzare aerei ed elicotteri, adottando tecniche di produzione all&#8217;avanguardia e dando priorit\u00e0 alla tutela dell&#8217;ambiente. La nostra dedizione alla sostenibilit\u00e0 \u00e8 evidente nell&#8217;uso esclusivo di materiali green certificati in tutti i nostri processi produttivi. Siamo specializzati nel settore Aeronautico [&hellip;]\" \/>\n<meta property=\"og:url\" content=\"https:\/\/replikamodels.star2com.com\/it\/produzione\/aeronautica-aerospaziale\/\" \/>\n<meta property=\"og:site_name\" content=\"Replika Models\" \/>\n<meta property=\"article:publisher\" content=\"https:\/\/www.facebook.com\/profile.php?id=100092433188573\" \/>\n<meta property=\"article:modified_time\" content=\"2024-01-25T15:22:32+00:00\" \/>\n<meta property=\"og:image\" content=\"https:\/\/replikamodels.star2com.com\/wp-content\/uploads\/2024\/01\/WhatsApp-Image-2023-12-14-at-19.01.07-1024x768.jpeg\" \/>\n<meta name=\"twitter:card\" content=\"summary_large_image\" \/>\n<meta name=\"twitter:label1\" content=\"Tempo di lettura stimato\" \/>\n\t<meta name=\"twitter:data1\" content=\"1 minuto\" \/>\n<script type=\"application\/ld+json\" class=\"yoast-schema-graph\">{\"@context\":\"https:\\\/\\\/schema.org\",\"@graph\":[{\"@type\":\"WebPage\",\"@id\":\"https:\\\/\\\/replikamodels.star2com.com\\\/it\\\/produzione\\\/aeronautica-aerospaziale\\\/\",\"url\":\"https:\\\/\\\/replikamodels.star2com.com\\\/it\\\/produzione\\\/aeronautica-aerospaziale\\\/\",\"name\":\"Aeronautica \\\/ Aerospaziale - Replika Models\",\"isPartOf\":{\"@id\":\"https:\\\/\\\/replikamodels.star2com.com\\\/it\\\/#website\"},\"primaryImageOfPage\":{\"@id\":\"https:\\\/\\\/replikamodels.star2com.com\\\/it\\\/produzione\\\/aeronautica-aerospaziale\\\/#primaryimage\"},\"image\":{\"@id\":\"https:\\\/\\\/replikamodels.star2com.com\\\/it\\\/produzione\\\/aeronautica-aerospaziale\\\/#primaryimage\"},\"thumbnailUrl\":\"https:\\\/\\\/replikamodels.star2com.com\\\/wp-content\\\/uploads\\\/2024\\\/01\\\/WhatsApp-Image-2023-12-14-at-19.01.07-1024x768.jpeg\",\"datePublished\":\"2024-01-11T11:36:16+00:00\",\"dateModified\":\"2024-01-25T15:22:32+00:00\",\"breadcrumb\":{\"@id\":\"https:\\\/\\\/replikamodels.star2com.com\\\/it\\\/produzione\\\/aeronautica-aerospaziale\\\/#breadcrumb\"},\"inLanguage\":\"it-IT\",\"potentialAction\":[{\"@type\":\"ReadAction\",\"target\":[\"https:\\\/\\\/replikamodels.star2com.com\\\/it\\\/produzione\\\/aeronautica-aerospaziale\\\/\"]}]},{\"@type\":\"ImageObject\",\"inLanguage\":\"it-IT\",\"@id\":\"https:\\\/\\\/replikamodels.star2com.com\\\/it\\\/produzione\\\/aeronautica-aerospaziale\\\/#primaryimage\",\"url\":\"https:\\\/\\\/replikamodels.star2com.com\\\/wp-content\\\/uploads\\\/2024\\\/01\\\/WhatsApp-Image-2023-12-14-at-19.01.07-1024x768.jpeg\",\"contentUrl\":\"https:\\\/\\\/replikamodels.star2com.com\\\/wp-content\\\/uploads\\\/2024\\\/01\\\/WhatsApp-Image-2023-12-14-at-19.01.07-1024x768.jpeg\"},{\"@type\":\"BreadcrumbList\",\"@id\":\"https:\\\/\\\/replikamodels.star2com.com\\\/it\\\/produzione\\\/aeronautica-aerospaziale\\\/#breadcrumb\",\"itemListElement\":[{\"@type\":\"ListItem\",\"position\":1,\"name\":\"Home\",\"item\":\"https:\\\/\\\/replikamodels.star2com.com\\\/it\\\/\"},{\"@type\":\"ListItem\",\"position\":2,\"name\":\"Produzione\",\"item\":\"https:\\\/\\\/replikamodels.star2com.com\\\/it\\\/produzione\\\/\"},{\"@type\":\"ListItem\",\"position\":3,\"name\":\"Aeronautica \\\/ Aerospaziale\"}]},{\"@type\":\"WebSite\",\"@id\":\"https:\\\/\\\/replikamodels.star2com.com\\\/it\\\/#website\",\"url\":\"https:\\\/\\\/replikamodels.star2com.com\\\/it\\\/\",\"name\":\"Replika Models\",\"description\":\"True than Truth - Model making and miniature replicas\",\"publisher\":{\"@id\":\"https:\\\/\\\/replikamodels.star2com.com\\\/it\\\/#organization\"},\"potentialAction\":[{\"@type\":\"SearchAction\",\"target\":{\"@type\":\"EntryPoint\",\"urlTemplate\":\"https:\\\/\\\/replikamodels.star2com.com\\\/it\\\/?s={search_term_string}\"},\"query-input\":{\"@type\":\"PropertyValueSpecification\",\"valueRequired\":true,\"valueName\":\"search_term_string\"}}],\"inLanguage\":\"it-IT\"},{\"@type\":\"Organization\",\"@id\":\"https:\\\/\\\/replikamodels.star2com.com\\\/it\\\/#organization\",\"name\":\"Replika Models\",\"url\":\"https:\\\/\\\/replikamodels.star2com.com\\\/it\\\/\",\"logo\":{\"@type\":\"ImageObject\",\"inLanguage\":\"it-IT\",\"@id\":\"https:\\\/\\\/replikamodels.star2com.com\\\/it\\\/#\\\/schema\\\/logo\\\/image\\\/\",\"url\":\"https:\\\/\\\/replikamodels.star2com.com\\\/wp-content\\\/uploads\\\/2024\\\/01\\\/Logo-ritagliato-negativo-2.png\",\"contentUrl\":\"https:\\\/\\\/replikamodels.star2com.com\\\/wp-content\\\/uploads\\\/2024\\\/01\\\/Logo-ritagliato-negativo-2.png\",\"width\":1325,\"height\":631,\"caption\":\"Replika Models\"},\"image\":{\"@id\":\"https:\\\/\\\/replikamodels.star2com.com\\\/it\\\/#\\\/schema\\\/logo\\\/image\\\/\"},\"sameAs\":[\"https:\\\/\\\/www.facebook.com\\\/profile.php?id=100092433188573\"]}]}<\/script>\n<!-- \/ Yoast SEO plugin. -->","yoast_head_json":{"title":"Aeronautica \/ Aerospaziale - Replika Models","robots":{"index":"index","follow":"follow","max-snippet":"max-snippet:-1","max-image-preview":"max-image-preview:large","max-video-preview":"max-video-preview:-1"},"canonical":"https:\/\/replikamodels.star2com.com\/it\/produzione\/aeronautica-aerospaziale\/","og_locale":"it_IT","og_type":"article","og_title":"Aeronautica \/ Aerospaziale - Replika Models","og_description":"L&#8217;impegno di REPLIKA MODELS per l&#8217;eccellenza nell&#8217;ingegneria aerospaziale ci contraddistingue. Possediamo l&#8217;esperienza necessaria per creare e personalizzare aerei ed elicotteri, adottando tecniche di produzione all&#8217;avanguardia e dando priorit\u00e0 alla tutela dell&#8217;ambiente. La nostra dedizione alla sostenibilit\u00e0 \u00e8 evidente nell&#8217;uso esclusivo di materiali green certificati in tutti i nostri processi produttivi. Siamo specializzati nel settore Aeronautico [&hellip;]","og_url":"https:\/\/replikamodels.star2com.com\/it\/produzione\/aeronautica-aerospaziale\/","og_site_name":"Replika Models","article_publisher":"https:\/\/www.facebook.com\/profile.php?id=100092433188573","article_modified_time":"2024-01-25T15:22:32+00:00","og_image":[{"url":"https:\/\/replikamodels.star2com.com\/wp-content\/uploads\/2024\/01\/WhatsApp-Image-2023-12-14-at-19.01.07-1024x768.jpeg","type":"","width":"","height":""}],"twitter_card":"summary_large_image","twitter_misc":{"Tempo di lettura stimato":"1 minuto"},"schema":{"@context":"https:\/\/schema.org","@graph":[{"@type":"WebPage","@id":"https:\/\/replikamodels.star2com.com\/it\/produzione\/aeronautica-aerospaziale\/","url":"https:\/\/replikamodels.star2com.com\/it\/produzione\/aeronautica-aerospaziale\/","name":"Aeronautica \/ Aerospaziale - Replika Models","isPartOf":{"@id":"https:\/\/replikamodels.star2com.com\/it\/#website"},"primaryImageOfPage":{"@id":"https:\/\/replikamodels.star2com.com\/it\/produzione\/aeronautica-aerospaziale\/#primaryimage"},"image":{"@id":"https:\/\/replikamodels.star2com.com\/it\/produzione\/aeronautica-aerospaziale\/#primaryimage"},"thumbnailUrl":"https:\/\/replikamodels.star2com.com\/wp-content\/uploads\/2024\/01\/WhatsApp-Image-2023-12-14-at-19.01.07-1024x768.jpeg","datePublished":"2024-01-11T11:36:16+00:00","dateModified":"2024-01-25T15:22:32+00:00","breadcrumb":{"@id":"https:\/\/replikamodels.star2com.com\/it\/produzione\/aeronautica-aerospaziale\/#breadcrumb"},"inLanguage":"it-IT","potentialAction":[{"@type":"ReadAction","target":["https:\/\/replikamodels.star2com.com\/it\/produzione\/aeronautica-aerospaziale\/"]}]},{"@type":"ImageObject","inLanguage":"it-IT","@id":"https:\/\/replikamodels.star2com.com\/it\/produzione\/aeronautica-aerospaziale\/#primaryimage","url":"https:\/\/replikamodels.star2com.com\/wp-content\/uploads\/2024\/01\/WhatsApp-Image-2023-12-14-at-19.01.07-1024x768.jpeg","contentUrl":"https:\/\/replikamodels.star2com.com\/wp-content\/uploads\/2024\/01\/WhatsApp-Image-2023-12-14-at-19.01.07-1024x768.jpeg"},{"@type":"BreadcrumbList","@id":"https:\/\/replikamodels.star2com.com\/it\/produzione\/aeronautica-aerospaziale\/#breadcrumb","itemListElement":[{"@type":"ListItem","position":1,"name":"Home","item":"https:\/\/replikamodels.star2com.com\/it\/"},{"@type":"ListItem","position":2,"name":"Produzione","item":"https:\/\/replikamodels.star2com.com\/it\/produzione\/"},{"@type":"ListItem","position":3,"name":"Aeronautica \/ Aerospaziale"}]},{"@type":"WebSite","@id":"https:\/\/replikamodels.star2com.com\/it\/#website","url":"https:\/\/replikamodels.star2com.com\/it\/","name":"Replika Models","description":"True than Truth - Model making and miniature replicas","publisher":{"@id":"https:\/\/replikamodels.star2com.com\/it\/#organization"},"potentialAction":[{"@type":"SearchAction","target":{"@type":"EntryPoint","urlTemplate":"https:\/\/replikamodels.star2com.com\/it\/?s={search_term_string}"},"query-input":{"@type":"PropertyValueSpecification","valueRequired":true,"valueName":"search_term_string"}}],"inLanguage":"it-IT"},{"@type":"Organization","@id":"https:\/\/replikamodels.star2com.com\/it\/#organization","name":"Replika Models","url":"https:\/\/replikamodels.star2com.com\/it\/","logo":{"@type":"ImageObject","inLanguage":"it-IT","@id":"https:\/\/replikamodels.star2com.com\/it\/#\/schema\/logo\/image\/","url":"https:\/\/replikamodels.star2com.com\/wp-content\/uploads\/2024\/01\/Logo-ritagliato-negativo-2.png","contentUrl":"https:\/\/replikamodels.star2com.com\/wp-content\/uploads\/2024\/01\/Logo-ritagliato-negativo-2.png","width":1325,"height":631,"caption":"Replika Models"},"image":{"@id":"https:\/\/replikamodels.star2com.com\/it\/#\/schema\/logo\/image\/"},"sameAs":["https:\/\/www.facebook.com\/profile.php?id=100092433188573"]}]}},"_links":{"self":[{"href":"https:\/\/replikamodels.star2com.com\/it\/wp-json\/wp\/v2\/pages\/415","targetHints":{"allow":["GET"]}}],"collection":[{"href":"https:\/\/replikamodels.star2com.com\/it\/wp-json\/wp\/v2\/pages"}],"about":[{"href":"https:\/\/replikamodels.star2com.com\/it\/wp-json\/wp\/v2\/types\/page"}],"author":[{"embeddable":true,"href":"https:\/\/replikamodels.star2com.com\/it\/wp-json\/wp\/v2\/users\/1"}],"replies":[{"embeddable":true,"href":"https:\/\/replikamodels.star2com.com\/it\/wp-json\/wp\/v2\/comments?post=415"}],"version-history":[{"count":6,"href":"https:\/\/replikamodels.star2com.com\/it\/wp-json\/wp\/v2\/pages\/415\/revisions"}],"predecessor-version":[{"id":663,"href":"https:\/\/replikamodels.star2com.com\/it\/wp-json\/wp\/v2\/pages\/415\/revisions\/663"}],"up":[{"embeddable":true,"href":"https:\/\/replikamodels.star2com.com\/it\/wp-json\/wp\/v2\/pages\/417"}],"wp:attachment":[{"href":"https:\/\/replikamodels.star2com.com\/it\/wp-json\/wp\/v2\/media?parent=415"}],"curies":[{"name":"wp","href":"https:\/\/api.w.org\/{rel}","templated":true}]}}