{"id":396,"date":"2023-11-03T16:50:15","date_gmt":"2023-11-03T16:50:15","guid":{"rendered":"https:\/\/replikamodels.star2com.com\/index.php\/chi-siamo\/"},"modified":"2024-08-05T14:44:25","modified_gmt":"2024-08-05T14:44:25","slug":"chi-siamo","status":"publish","type":"page","link":"https:\/\/replikamodels.star2com.com\/it\/chi-siamo\/","title":{"rendered":"Chi siamo"},"content":{"rendered":"\n<figure class=\"wp-block-image size-large\"><img loading=\"lazy\" decoding=\"async\" width=\"1024\" height=\"768\" src=\"https:\/\/replikamodels.star2com.com\/wp-content\/uploads\/2024\/08\/81d74ee3-cd7a-455c-b3d4-cb2260a0eed3-1-1024x768.jpeg\" alt=\"\" class=\"wp-image-1119\" srcset=\"https:\/\/replikamodels.star2com.com\/wp-content\/uploads\/2024\/08\/81d74ee3-cd7a-455c-b3d4-cb2260a0eed3-1-1024x768.jpeg 1024w, https:\/\/replikamodels.star2com.com\/wp-content\/uploads\/2024\/08\/81d74ee3-cd7a-455c-b3d4-cb2260a0eed3-1-300x225.jpeg 300w, https:\/\/replikamodels.star2com.com\/wp-content\/uploads\/2024\/08\/81d74ee3-cd7a-455c-b3d4-cb2260a0eed3-1-768x576.jpeg 768w, https:\/\/replikamodels.star2com.com\/wp-content\/uploads\/2024\/08\/81d74ee3-cd7a-455c-b3d4-cb2260a0eed3-1-1536x1152.jpeg 1536w, https:\/\/replikamodels.star2com.com\/wp-content\/uploads\/2024\/08\/81d74ee3-cd7a-455c-b3d4-cb2260a0eed3-1.jpeg 2048w\" sizes=\"auto, (max-width: 1024px) 100vw, 1024px\" \/><\/figure>\n\n\n\n<p>Dalla passione per la modellazione e dalla voglia di innovare \u00e8 nata la creazione di un&#8217;attivit\u00e0 sostenibile rivolta al futuro, che \u00e8 alla base di <strong>Replika Models<\/strong>.<\/p>\n\n\n\n<p>Il mondo del modellismo si evolve con nuove tecnologie che ci permettono di ottenere risultati mai visti prima, grazie a materiali ecosostenibili, riduzione dei costi di produzione e dei tempi di consegna.<\/p>\n\n\n\n<p>Con queste premesse nasce <strong>Replika Models<\/strong>, un marchio <strong><a href=\"https:\/\/star2com.com\/\">Star2Com<\/a><\/strong>, una realt\u00e0 pronta a conquistare il mondo del modellismo industriale e capace di riprodurre tutto ci\u00f2 che pu\u00f2 essere &#8220;REPLIKATO&#8221;.<\/p>\n\n\n\n<p><strong>PI\u00d9 VERO DEL VERO  <\/strong><\/p>\n\n\n\n<p>\u00c8 il nostro motto. Creare una riproduzione fedele all&#8217;originale, con dettagli paragonabili alla controparte a grandezza reale.<\/p>\n\n\n\n<p>Il processo produttivo studiato e che implementeremo sempre nella produzione consente personalizzazioni accurate, anche per un singolo prodotto.<\/p>\n\n\n\n<p>I materiali selezionati sono tutti ecologici, dai polimeri alle vernici, totalmente riciclabili e super resistenti.<\/p>\n\n\n\n<p>I nostri clienti operano nei seguenti settori:<\/p>\n\n\n\n<p>&#8211; <strong>Aeronautica e aerospaziale<\/strong> (militare e civile &#8211; radar e missili)<\/p>\n\n\n\n<p>&#8211; <strong>Nautica<\/strong> (Yacht e barche di lusso &#8211; Barche da corsa, a motore e a vela &#8211; Settore militare)<\/p>\n\n\n\n<p>&#8211; <strong>Automotive<\/strong> (Auto di lusso &#8211; Supercar e auto da corsa &#8211; Auto d&#8217;epoca &#8211; Moto da corsa &#8211; Militare)<\/p>\n\n\n\n<p>&#8211; <strong>Cinematico<\/strong> (Mockup di personaggi e veicoli &#8211; Edizioni da collezione)<\/p>\n\n\n\n<p>&#8211; <strong>Videogiochi<\/strong> (Action figures, veicoli &#8211; equipaggiamenti &#8211; Edizioni da collezione)<\/p>\n\n\n\n<p>&#8211; <strong>Costruzione<\/strong> (Ambienti architettonici &#8211; scenografie)<\/p>\n\n\n\n<p>&#8211; <strong>Biomedicale<\/strong> (protesi, prodotti biomedicali).<\/p>\n\n\n\n<p><\/p>\n\n\n\n<p>Replika Models \u00e8 un marchio di <a href=\"https:\/\/star2com.com\/\">Star2Com<\/a>, che ne curer\u00e0 la comunicazione e il marketing.<\/p>\n","protected":false},"excerpt":{"rendered":"<p>Dalla passione per la modellazione e dalla voglia di innovare \u00e8 nata la creazione di un&#8217;attivit\u00e0 sostenibile rivolta al futuro, che \u00e8 alla base di Replika Models. Il mondo del modellismo si evolve con nuove tecnologie che ci permettono di ottenere risultati mai visti prima, grazie a materiali ecosostenibili, riduzione dei costi di produzione e [&hellip;]<\/p>\n","protected":false},"author":1,"featured_media":0,"parent":0,"menu_order":0,"comment_status":"closed","ping_status":"closed","template":"","meta":{"footnotes":""},"class_list":["post-396","page","type-page","status-publish","hentry"],"yoast_head":"<!-- This site is optimized with the Yoast SEO plugin v27.4 - https:\/\/yoast.com\/product\/yoast-seo-wordpress\/ -->\n<title>Chi siamo - Replika Models<\/title>\n<meta name=\"robots\" content=\"index, follow, max-snippet:-1, max-image-preview:large, max-video-preview:-1\" \/>\n<link rel=\"canonical\" href=\"https:\/\/replikamodels.star2com.com\/it\/chi-siamo\/\" \/>\n<meta property=\"og:locale\" content=\"it_IT\" \/>\n<meta property=\"og:type\" content=\"article\" \/>\n<meta property=\"og:title\" content=\"Chi siamo - Replika Models\" \/>\n<meta property=\"og:description\" content=\"Dalla passione per la modellazione e dalla voglia di innovare \u00e8 nata la creazione di un&#8217;attivit\u00e0 sostenibile rivolta al futuro, che \u00e8 alla base di Replika Models. Il mondo del modellismo si evolve con nuove tecnologie che ci permettono di ottenere risultati mai visti prima, grazie a materiali ecosostenibili, riduzione dei costi di produzione e [&hellip;]\" \/>\n<meta property=\"og:url\" content=\"https:\/\/replikamodels.star2com.com\/it\/chi-siamo\/\" \/>\n<meta property=\"og:site_name\" content=\"Replika Models\" \/>\n<meta property=\"article:publisher\" content=\"https:\/\/www.facebook.com\/profile.php?id=100092433188573\" \/>\n<meta property=\"article:modified_time\" content=\"2024-08-05T14:44:25+00:00\" \/>\n<meta property=\"og:image\" content=\"https:\/\/replikamodels.star2com.com\/wp-content\/uploads\/2024\/08\/81d74ee3-cd7a-455c-b3d4-cb2260a0eed3-1-1024x768.jpeg\" \/>\n<meta name=\"twitter:card\" content=\"summary_large_image\" \/>\n<meta name=\"twitter:label1\" content=\"Tempo di lettura stimato\" \/>\n\t<meta name=\"twitter:data1\" content=\"2 minuti\" \/>\n<script type=\"application\/ld+json\" class=\"yoast-schema-graph\">{\"@context\":\"https:\\\/\\\/schema.org\",\"@graph\":[{\"@type\":\"WebPage\",\"@id\":\"https:\\\/\\\/replikamodels.star2com.com\\\/it\\\/chi-siamo\\\/\",\"url\":\"https:\\\/\\\/replikamodels.star2com.com\\\/it\\\/chi-siamo\\\/\",\"name\":\"Chi siamo - Replika Models\",\"isPartOf\":{\"@id\":\"https:\\\/\\\/replikamodels.star2com.com\\\/it\\\/#website\"},\"primaryImageOfPage\":{\"@id\":\"https:\\\/\\\/replikamodels.star2com.com\\\/it\\\/chi-siamo\\\/#primaryimage\"},\"image\":{\"@id\":\"https:\\\/\\\/replikamodels.star2com.com\\\/it\\\/chi-siamo\\\/#primaryimage\"},\"thumbnailUrl\":\"https:\\\/\\\/replikamodels.star2com.com\\\/wp-content\\\/uploads\\\/2024\\\/08\\\/81d74ee3-cd7a-455c-b3d4-cb2260a0eed3-1-1024x768.jpeg\",\"datePublished\":\"2023-11-03T16:50:15+00:00\",\"dateModified\":\"2024-08-05T14:44:25+00:00\",\"breadcrumb\":{\"@id\":\"https:\\\/\\\/replikamodels.star2com.com\\\/it\\\/chi-siamo\\\/#breadcrumb\"},\"inLanguage\":\"it-IT\",\"potentialAction\":[{\"@type\":\"ReadAction\",\"target\":[\"https:\\\/\\\/replikamodels.star2com.com\\\/it\\\/chi-siamo\\\/\"]}]},{\"@type\":\"ImageObject\",\"inLanguage\":\"it-IT\",\"@id\":\"https:\\\/\\\/replikamodels.star2com.com\\\/it\\\/chi-siamo\\\/#primaryimage\",\"url\":\"https:\\\/\\\/replikamodels.star2com.com\\\/wp-content\\\/uploads\\\/2024\\\/08\\\/81d74ee3-cd7a-455c-b3d4-cb2260a0eed3-1-1024x768.jpeg\",\"contentUrl\":\"https:\\\/\\\/replikamodels.star2com.com\\\/wp-content\\\/uploads\\\/2024\\\/08\\\/81d74ee3-cd7a-455c-b3d4-cb2260a0eed3-1-1024x768.jpeg\"},{\"@type\":\"BreadcrumbList\",\"@id\":\"https:\\\/\\\/replikamodels.star2com.com\\\/it\\\/chi-siamo\\\/#breadcrumb\",\"itemListElement\":[{\"@type\":\"ListItem\",\"position\":1,\"name\":\"Home\",\"item\":\"https:\\\/\\\/replikamodels.star2com.com\\\/it\\\/\"},{\"@type\":\"ListItem\",\"position\":2,\"name\":\"Chi siamo\"}]},{\"@type\":\"WebSite\",\"@id\":\"https:\\\/\\\/replikamodels.star2com.com\\\/it\\\/#website\",\"url\":\"https:\\\/\\\/replikamodels.star2com.com\\\/it\\\/\",\"name\":\"Replika Models\",\"description\":\"True than Truth - Model making and miniature replicas\",\"publisher\":{\"@id\":\"https:\\\/\\\/replikamodels.star2com.com\\\/it\\\/#organization\"},\"potentialAction\":[{\"@type\":\"SearchAction\",\"target\":{\"@type\":\"EntryPoint\",\"urlTemplate\":\"https:\\\/\\\/replikamodels.star2com.com\\\/it\\\/?s={search_term_string}\"},\"query-input\":{\"@type\":\"PropertyValueSpecification\",\"valueRequired\":true,\"valueName\":\"search_term_string\"}}],\"inLanguage\":\"it-IT\"},{\"@type\":\"Organization\",\"@id\":\"https:\\\/\\\/replikamodels.star2com.com\\\/it\\\/#organization\",\"name\":\"Replika Models\",\"url\":\"https:\\\/\\\/replikamodels.star2com.com\\\/it\\\/\",\"logo\":{\"@type\":\"ImageObject\",\"inLanguage\":\"it-IT\",\"@id\":\"https:\\\/\\\/replikamodels.star2com.com\\\/it\\\/#\\\/schema\\\/logo\\\/image\\\/\",\"url\":\"https:\\\/\\\/replikamodels.star2com.com\\\/wp-content\\\/uploads\\\/2024\\\/01\\\/Logo-ritagliato-negativo-2.png\",\"contentUrl\":\"https:\\\/\\\/replikamodels.star2com.com\\\/wp-content\\\/uploads\\\/2024\\\/01\\\/Logo-ritagliato-negativo-2.png\",\"width\":1325,\"height\":631,\"caption\":\"Replika Models\"},\"image\":{\"@id\":\"https:\\\/\\\/replikamodels.star2com.com\\\/it\\\/#\\\/schema\\\/logo\\\/image\\\/\"},\"sameAs\":[\"https:\\\/\\\/www.facebook.com\\\/profile.php?id=100092433188573\"]}]}<\/script>\n<!-- \/ Yoast SEO plugin. -->","yoast_head_json":{"title":"Chi siamo - Replika Models","robots":{"index":"index","follow":"follow","max-snippet":"max-snippet:-1","max-image-preview":"max-image-preview:large","max-video-preview":"max-video-preview:-1"},"canonical":"https:\/\/replikamodels.star2com.com\/it\/chi-siamo\/","og_locale":"it_IT","og_type":"article","og_title":"Chi siamo - Replika Models","og_description":"Dalla passione per la modellazione e dalla voglia di innovare \u00e8 nata la creazione di un&#8217;attivit\u00e0 sostenibile rivolta al futuro, che \u00e8 alla base di Replika Models. Il mondo del modellismo si evolve con nuove tecnologie che ci permettono di ottenere risultati mai visti prima, grazie a materiali ecosostenibili, riduzione dei costi di produzione e [&hellip;]","og_url":"https:\/\/replikamodels.star2com.com\/it\/chi-siamo\/","og_site_name":"Replika Models","article_publisher":"https:\/\/www.facebook.com\/profile.php?id=100092433188573","article_modified_time":"2024-08-05T14:44:25+00:00","og_image":[{"url":"https:\/\/replikamodels.star2com.com\/wp-content\/uploads\/2024\/08\/81d74ee3-cd7a-455c-b3d4-cb2260a0eed3-1-1024x768.jpeg","type":"","width":"","height":""}],"twitter_card":"summary_large_image","twitter_misc":{"Tempo di lettura stimato":"2 minuti"},"schema":{"@context":"https:\/\/schema.org","@graph":[{"@type":"WebPage","@id":"https:\/\/replikamodels.star2com.com\/it\/chi-siamo\/","url":"https:\/\/replikamodels.star2com.com\/it\/chi-siamo\/","name":"Chi siamo - Replika Models","isPartOf":{"@id":"https:\/\/replikamodels.star2com.com\/it\/#website"},"primaryImageOfPage":{"@id":"https:\/\/replikamodels.star2com.com\/it\/chi-siamo\/#primaryimage"},"image":{"@id":"https:\/\/replikamodels.star2com.com\/it\/chi-siamo\/#primaryimage"},"thumbnailUrl":"https:\/\/replikamodels.star2com.com\/wp-content\/uploads\/2024\/08\/81d74ee3-cd7a-455c-b3d4-cb2260a0eed3-1-1024x768.jpeg","datePublished":"2023-11-03T16:50:15+00:00","dateModified":"2024-08-05T14:44:25+00:00","breadcrumb":{"@id":"https:\/\/replikamodels.star2com.com\/it\/chi-siamo\/#breadcrumb"},"inLanguage":"it-IT","potentialAction":[{"@type":"ReadAction","target":["https:\/\/replikamodels.star2com.com\/it\/chi-siamo\/"]}]},{"@type":"ImageObject","inLanguage":"it-IT","@id":"https:\/\/replikamodels.star2com.com\/it\/chi-siamo\/#primaryimage","url":"https:\/\/replikamodels.star2com.com\/wp-content\/uploads\/2024\/08\/81d74ee3-cd7a-455c-b3d4-cb2260a0eed3-1-1024x768.jpeg","contentUrl":"https:\/\/replikamodels.star2com.com\/wp-content\/uploads\/2024\/08\/81d74ee3-cd7a-455c-b3d4-cb2260a0eed3-1-1024x768.jpeg"},{"@type":"BreadcrumbList","@id":"https:\/\/replikamodels.star2com.com\/it\/chi-siamo\/#breadcrumb","itemListElement":[{"@type":"ListItem","position":1,"name":"Home","item":"https:\/\/replikamodels.star2com.com\/it\/"},{"@type":"ListItem","position":2,"name":"Chi siamo"}]},{"@type":"WebSite","@id":"https:\/\/replikamodels.star2com.com\/it\/#website","url":"https:\/\/replikamodels.star2com.com\/it\/","name":"Replika Models","description":"True than Truth - Model making and miniature replicas","publisher":{"@id":"https:\/\/replikamodels.star2com.com\/it\/#organization"},"potentialAction":[{"@type":"SearchAction","target":{"@type":"EntryPoint","urlTemplate":"https:\/\/replikamodels.star2com.com\/it\/?s={search_term_string}"},"query-input":{"@type":"PropertyValueSpecification","valueRequired":true,"valueName":"search_term_string"}}],"inLanguage":"it-IT"},{"@type":"Organization","@id":"https:\/\/replikamodels.star2com.com\/it\/#organization","name":"Replika Models","url":"https:\/\/replikamodels.star2com.com\/it\/","logo":{"@type":"ImageObject","inLanguage":"it-IT","@id":"https:\/\/replikamodels.star2com.com\/it\/#\/schema\/logo\/image\/","url":"https:\/\/replikamodels.star2com.com\/wp-content\/uploads\/2024\/01\/Logo-ritagliato-negativo-2.png","contentUrl":"https:\/\/replikamodels.star2com.com\/wp-content\/uploads\/2024\/01\/Logo-ritagliato-negativo-2.png","width":1325,"height":631,"caption":"Replika Models"},"image":{"@id":"https:\/\/replikamodels.star2com.com\/it\/#\/schema\/logo\/image\/"},"sameAs":["https:\/\/www.facebook.com\/profile.php?id=100092433188573"]}]}},"_links":{"self":[{"href":"https:\/\/replikamodels.star2com.com\/it\/wp-json\/wp\/v2\/pages\/396","targetHints":{"allow":["GET"]}}],"collection":[{"href":"https:\/\/replikamodels.star2com.com\/it\/wp-json\/wp\/v2\/pages"}],"about":[{"href":"https:\/\/replikamodels.star2com.com\/it\/wp-json\/wp\/v2\/types\/page"}],"author":[{"embeddable":true,"href":"https:\/\/replikamodels.star2com.com\/it\/wp-json\/wp\/v2\/users\/1"}],"replies":[{"embeddable":true,"href":"https:\/\/replikamodels.star2com.com\/it\/wp-json\/wp\/v2\/comments?post=396"}],"version-history":[{"count":6,"href":"https:\/\/replikamodels.star2com.com\/it\/wp-json\/wp\/v2\/pages\/396\/revisions"}],"predecessor-version":[{"id":1121,"href":"https:\/\/replikamodels.star2com.com\/it\/wp-json\/wp\/v2\/pages\/396\/revisions\/1121"}],"wp:attachment":[{"href":"https:\/\/replikamodels.star2com.com\/it\/wp-json\/wp\/v2\/media?parent=396"}],"curies":[{"name":"wp","href":"https:\/\/api.w.org\/{rel}","templated":true}]}}