{"id":395,"date":"2024-01-11T11:37:19","date_gmt":"2024-01-11T11:37:19","guid":{"rendered":"https:\/\/replikamodels.star2com.com\/index.php\/biomedico\/"},"modified":"2024-01-25T15:14:07","modified_gmt":"2024-01-25T15:14:07","slug":"biomedico","status":"publish","type":"page","link":"https:\/\/replikamodels.star2com.com\/it\/produzione\/biomedico\/","title":{"rendered":"Biomedico"},"content":{"rendered":"\n<figure class=\"wp-block-image size-full\"><img loading=\"lazy\" decoding=\"async\" width=\"900\" height=\"600\" src=\"https:\/\/replikamodels.star2com.com\/wp-content\/uploads\/2024\/01\/Biomedical.png\" alt=\"\" class=\"wp-image-122\" srcset=\"https:\/\/replikamodels.star2com.com\/wp-content\/uploads\/2024\/01\/Biomedical.png 900w, https:\/\/replikamodels.star2com.com\/wp-content\/uploads\/2024\/01\/Biomedical-300x200.png 300w, https:\/\/replikamodels.star2com.com\/wp-content\/uploads\/2024\/01\/Biomedical-768x512.png 768w\" sizes=\"auto, (max-width: 900px) 100vw, 900px\" \/><\/figure>\n\n\n\n<p>In <strong>REPLIKA MODELS<\/strong>, il nostro impegno per l&#8217;eccellenza nella riproduzione <strong>biomedica<\/strong> \u00e8 impareggiabile. Utilizziamo la tecnologia di stampa 3D all&#8217;avanguardia per creare vari oggetti biomedici, impiegando tecniche lungimiranti che danno priorit\u00e0 all&#8217;innovazione futura e alla conservazione dell&#8217;ambiente.<\/p>\n\n\n\n<p>Da ossa e arti a protesi e persino organi umani, la nostra esperienza spazia nell&#8217;intricato mondo della modellazione biomedica. Ogni creazione \u00e8 una testimonianza della nostra dedizione alla sostenibilit\u00e0, utilizzando esclusivamente materiali verdi certificati in tutti i nostri processi produttivi.<\/p>\n\n\n\n<p>Le nostre capacit\u00e0 si estendono alla realizzazione di modelli in scala, che vanno dalla scala 1:32 (o pi\u00f9 piccola) alle repliche a grandezza naturale. Ogni modello \u00e8 realizzato meticolosamente per rispecchiare le complessit\u00e0 degli oggetti biomedici con una precisione senza pari.<\/p>\n\n\n\n<p>La creazione di un modello da zero comporta in genere una meticolosa tempistica di tre mesi. Questo comprende un mese dedicato alla creazione di file pronti per la stampa e due mesi dedicati all&#8217;assemblaggio e alla colorazione del prodotto.<\/p>\n\n\n\n<p>Ogni progetto \u00e8 personalizzato per soddisfare le vostre esigenze specifiche. Contattateci per discutere le vostre esigenze e ricevere un preventivo personalizzato. Permetteteci di dare vita alla vostra visione biomedica: un modo unico per contribuire ai progressi della medicina e per darvi un senso di orgoglio nel possedere qualcosa di notevole e prezioso.<\/p>\n","protected":false},"excerpt":{"rendered":"<p>In REPLIKA MODELS, il nostro impegno per l&#8217;eccellenza nella riproduzione biomedica \u00e8 impareggiabile. Utilizziamo la tecnologia di stampa 3D all&#8217;avanguardia per creare vari oggetti biomedici, impiegando tecniche lungimiranti che danno priorit\u00e0 all&#8217;innovazione futura e alla conservazione dell&#8217;ambiente. Da ossa e arti a protesi e persino organi umani, la nostra esperienza spazia nell&#8217;intricato mondo della modellazione [&hellip;]<\/p>\n","protected":false},"author":1,"featured_media":0,"parent":417,"menu_order":0,"comment_status":"closed","ping_status":"closed","template":"","meta":{"footnotes":""},"class_list":["post-395","page","type-page","status-publish","hentry"],"yoast_head":"<!-- This site is optimized with the Yoast SEO plugin v27.4 - https:\/\/yoast.com\/product\/yoast-seo-wordpress\/ -->\n<title>Biomedico - Replika Models<\/title>\n<meta name=\"robots\" content=\"index, follow, max-snippet:-1, max-image-preview:large, max-video-preview:-1\" \/>\n<link rel=\"canonical\" href=\"https:\/\/replikamodels.star2com.com\/it\/produzione\/biomedico\/\" \/>\n<meta property=\"og:locale\" content=\"it_IT\" \/>\n<meta property=\"og:type\" content=\"article\" \/>\n<meta property=\"og:title\" content=\"Biomedico - Replika Models\" \/>\n<meta property=\"og:description\" content=\"In REPLIKA MODELS, il nostro impegno per l&#8217;eccellenza nella riproduzione biomedica \u00e8 impareggiabile. Utilizziamo la tecnologia di stampa 3D all&#8217;avanguardia per creare vari oggetti biomedici, impiegando tecniche lungimiranti che danno priorit\u00e0 all&#8217;innovazione futura e alla conservazione dell&#8217;ambiente. Da ossa e arti a protesi e persino organi umani, la nostra esperienza spazia nell&#8217;intricato mondo della modellazione [&hellip;]\" \/>\n<meta property=\"og:url\" content=\"https:\/\/replikamodels.star2com.com\/it\/produzione\/biomedico\/\" \/>\n<meta property=\"og:site_name\" content=\"Replika Models\" \/>\n<meta property=\"article:publisher\" content=\"https:\/\/www.facebook.com\/profile.php?id=100092433188573\" \/>\n<meta property=\"article:modified_time\" content=\"2024-01-25T15:14:07+00:00\" \/>\n<meta property=\"og:image\" content=\"https:\/\/replikamodels.star2com.com\/wp-content\/uploads\/2024\/01\/Biomedical.png\" \/>\n<meta name=\"twitter:card\" content=\"summary_large_image\" \/>\n<meta name=\"twitter:label1\" content=\"Tempo di lettura stimato\" \/>\n\t<meta name=\"twitter:data1\" content=\"2 minuti\" \/>\n<script type=\"application\/ld+json\" class=\"yoast-schema-graph\">{\"@context\":\"https:\\\/\\\/schema.org\",\"@graph\":[{\"@type\":\"WebPage\",\"@id\":\"https:\\\/\\\/replikamodels.star2com.com\\\/it\\\/produzione\\\/biomedico\\\/\",\"url\":\"https:\\\/\\\/replikamodels.star2com.com\\\/it\\\/produzione\\\/biomedico\\\/\",\"name\":\"Biomedico - Replika Models\",\"isPartOf\":{\"@id\":\"https:\\\/\\\/replikamodels.star2com.com\\\/it\\\/#website\"},\"primaryImageOfPage\":{\"@id\":\"https:\\\/\\\/replikamodels.star2com.com\\\/it\\\/produzione\\\/biomedico\\\/#primaryimage\"},\"image\":{\"@id\":\"https:\\\/\\\/replikamodels.star2com.com\\\/it\\\/produzione\\\/biomedico\\\/#primaryimage\"},\"thumbnailUrl\":\"https:\\\/\\\/replikamodels.star2com.com\\\/wp-content\\\/uploads\\\/2024\\\/01\\\/Biomedical.png\",\"datePublished\":\"2024-01-11T11:37:19+00:00\",\"dateModified\":\"2024-01-25T15:14:07+00:00\",\"breadcrumb\":{\"@id\":\"https:\\\/\\\/replikamodels.star2com.com\\\/it\\\/produzione\\\/biomedico\\\/#breadcrumb\"},\"inLanguage\":\"it-IT\",\"potentialAction\":[{\"@type\":\"ReadAction\",\"target\":[\"https:\\\/\\\/replikamodels.star2com.com\\\/it\\\/produzione\\\/biomedico\\\/\"]}]},{\"@type\":\"ImageObject\",\"inLanguage\":\"it-IT\",\"@id\":\"https:\\\/\\\/replikamodels.star2com.com\\\/it\\\/produzione\\\/biomedico\\\/#primaryimage\",\"url\":\"https:\\\/\\\/replikamodels.star2com.com\\\/wp-content\\\/uploads\\\/2024\\\/01\\\/Biomedical.png\",\"contentUrl\":\"https:\\\/\\\/replikamodels.star2com.com\\\/wp-content\\\/uploads\\\/2024\\\/01\\\/Biomedical.png\"},{\"@type\":\"BreadcrumbList\",\"@id\":\"https:\\\/\\\/replikamodels.star2com.com\\\/it\\\/produzione\\\/biomedico\\\/#breadcrumb\",\"itemListElement\":[{\"@type\":\"ListItem\",\"position\":1,\"name\":\"Home\",\"item\":\"https:\\\/\\\/replikamodels.star2com.com\\\/it\\\/\"},{\"@type\":\"ListItem\",\"position\":2,\"name\":\"Produzione\",\"item\":\"https:\\\/\\\/replikamodels.star2com.com\\\/it\\\/produzione\\\/\"},{\"@type\":\"ListItem\",\"position\":3,\"name\":\"Biomedico\"}]},{\"@type\":\"WebSite\",\"@id\":\"https:\\\/\\\/replikamodels.star2com.com\\\/it\\\/#website\",\"url\":\"https:\\\/\\\/replikamodels.star2com.com\\\/it\\\/\",\"name\":\"Replika Models\",\"description\":\"True than Truth - Model making and miniature replicas\",\"publisher\":{\"@id\":\"https:\\\/\\\/replikamodels.star2com.com\\\/it\\\/#organization\"},\"potentialAction\":[{\"@type\":\"SearchAction\",\"target\":{\"@type\":\"EntryPoint\",\"urlTemplate\":\"https:\\\/\\\/replikamodels.star2com.com\\\/it\\\/?s={search_term_string}\"},\"query-input\":{\"@type\":\"PropertyValueSpecification\",\"valueRequired\":true,\"valueName\":\"search_term_string\"}}],\"inLanguage\":\"it-IT\"},{\"@type\":\"Organization\",\"@id\":\"https:\\\/\\\/replikamodels.star2com.com\\\/it\\\/#organization\",\"name\":\"Replika Models\",\"url\":\"https:\\\/\\\/replikamodels.star2com.com\\\/it\\\/\",\"logo\":{\"@type\":\"ImageObject\",\"inLanguage\":\"it-IT\",\"@id\":\"https:\\\/\\\/replikamodels.star2com.com\\\/it\\\/#\\\/schema\\\/logo\\\/image\\\/\",\"url\":\"https:\\\/\\\/replikamodels.star2com.com\\\/wp-content\\\/uploads\\\/2024\\\/01\\\/Logo-ritagliato-negativo-2.png\",\"contentUrl\":\"https:\\\/\\\/replikamodels.star2com.com\\\/wp-content\\\/uploads\\\/2024\\\/01\\\/Logo-ritagliato-negativo-2.png\",\"width\":1325,\"height\":631,\"caption\":\"Replika Models\"},\"image\":{\"@id\":\"https:\\\/\\\/replikamodels.star2com.com\\\/it\\\/#\\\/schema\\\/logo\\\/image\\\/\"},\"sameAs\":[\"https:\\\/\\\/www.facebook.com\\\/profile.php?id=100092433188573\"]}]}<\/script>\n<!-- \/ Yoast SEO plugin. -->","yoast_head_json":{"title":"Biomedico - Replika Models","robots":{"index":"index","follow":"follow","max-snippet":"max-snippet:-1","max-image-preview":"max-image-preview:large","max-video-preview":"max-video-preview:-1"},"canonical":"https:\/\/replikamodels.star2com.com\/it\/produzione\/biomedico\/","og_locale":"it_IT","og_type":"article","og_title":"Biomedico - Replika Models","og_description":"In REPLIKA MODELS, il nostro impegno per l&#8217;eccellenza nella riproduzione biomedica \u00e8 impareggiabile. Utilizziamo la tecnologia di stampa 3D all&#8217;avanguardia per creare vari oggetti biomedici, impiegando tecniche lungimiranti che danno priorit\u00e0 all&#8217;innovazione futura e alla conservazione dell&#8217;ambiente. Da ossa e arti a protesi e persino organi umani, la nostra esperienza spazia nell&#8217;intricato mondo della modellazione [&hellip;]","og_url":"https:\/\/replikamodels.star2com.com\/it\/produzione\/biomedico\/","og_site_name":"Replika Models","article_publisher":"https:\/\/www.facebook.com\/profile.php?id=100092433188573","article_modified_time":"2024-01-25T15:14:07+00:00","og_image":[{"url":"https:\/\/replikamodels.star2com.com\/wp-content\/uploads\/2024\/01\/Biomedical.png","type":"","width":"","height":""}],"twitter_card":"summary_large_image","twitter_misc":{"Tempo di lettura stimato":"2 minuti"},"schema":{"@context":"https:\/\/schema.org","@graph":[{"@type":"WebPage","@id":"https:\/\/replikamodels.star2com.com\/it\/produzione\/biomedico\/","url":"https:\/\/replikamodels.star2com.com\/it\/produzione\/biomedico\/","name":"Biomedico - Replika Models","isPartOf":{"@id":"https:\/\/replikamodels.star2com.com\/it\/#website"},"primaryImageOfPage":{"@id":"https:\/\/replikamodels.star2com.com\/it\/produzione\/biomedico\/#primaryimage"},"image":{"@id":"https:\/\/replikamodels.star2com.com\/it\/produzione\/biomedico\/#primaryimage"},"thumbnailUrl":"https:\/\/replikamodels.star2com.com\/wp-content\/uploads\/2024\/01\/Biomedical.png","datePublished":"2024-01-11T11:37:19+00:00","dateModified":"2024-01-25T15:14:07+00:00","breadcrumb":{"@id":"https:\/\/replikamodels.star2com.com\/it\/produzione\/biomedico\/#breadcrumb"},"inLanguage":"it-IT","potentialAction":[{"@type":"ReadAction","target":["https:\/\/replikamodels.star2com.com\/it\/produzione\/biomedico\/"]}]},{"@type":"ImageObject","inLanguage":"it-IT","@id":"https:\/\/replikamodels.star2com.com\/it\/produzione\/biomedico\/#primaryimage","url":"https:\/\/replikamodels.star2com.com\/wp-content\/uploads\/2024\/01\/Biomedical.png","contentUrl":"https:\/\/replikamodels.star2com.com\/wp-content\/uploads\/2024\/01\/Biomedical.png"},{"@type":"BreadcrumbList","@id":"https:\/\/replikamodels.star2com.com\/it\/produzione\/biomedico\/#breadcrumb","itemListElement":[{"@type":"ListItem","position":1,"name":"Home","item":"https:\/\/replikamodels.star2com.com\/it\/"},{"@type":"ListItem","position":2,"name":"Produzione","item":"https:\/\/replikamodels.star2com.com\/it\/produzione\/"},{"@type":"ListItem","position":3,"name":"Biomedico"}]},{"@type":"WebSite","@id":"https:\/\/replikamodels.star2com.com\/it\/#website","url":"https:\/\/replikamodels.star2com.com\/it\/","name":"Replika Models","description":"True than Truth - Model making and miniature replicas","publisher":{"@id":"https:\/\/replikamodels.star2com.com\/it\/#organization"},"potentialAction":[{"@type":"SearchAction","target":{"@type":"EntryPoint","urlTemplate":"https:\/\/replikamodels.star2com.com\/it\/?s={search_term_string}"},"query-input":{"@type":"PropertyValueSpecification","valueRequired":true,"valueName":"search_term_string"}}],"inLanguage":"it-IT"},{"@type":"Organization","@id":"https:\/\/replikamodels.star2com.com\/it\/#organization","name":"Replika Models","url":"https:\/\/replikamodels.star2com.com\/it\/","logo":{"@type":"ImageObject","inLanguage":"it-IT","@id":"https:\/\/replikamodels.star2com.com\/it\/#\/schema\/logo\/image\/","url":"https:\/\/replikamodels.star2com.com\/wp-content\/uploads\/2024\/01\/Logo-ritagliato-negativo-2.png","contentUrl":"https:\/\/replikamodels.star2com.com\/wp-content\/uploads\/2024\/01\/Logo-ritagliato-negativo-2.png","width":1325,"height":631,"caption":"Replika Models"},"image":{"@id":"https:\/\/replikamodels.star2com.com\/it\/#\/schema\/logo\/image\/"},"sameAs":["https:\/\/www.facebook.com\/profile.php?id=100092433188573"]}]}},"_links":{"self":[{"href":"https:\/\/replikamodels.star2com.com\/it\/wp-json\/wp\/v2\/pages\/395","targetHints":{"allow":["GET"]}}],"collection":[{"href":"https:\/\/replikamodels.star2com.com\/it\/wp-json\/wp\/v2\/pages"}],"about":[{"href":"https:\/\/replikamodels.star2com.com\/it\/wp-json\/wp\/v2\/types\/page"}],"author":[{"embeddable":true,"href":"https:\/\/replikamodels.star2com.com\/it\/wp-json\/wp\/v2\/users\/1"}],"replies":[{"embeddable":true,"href":"https:\/\/replikamodels.star2com.com\/it\/wp-json\/wp\/v2\/comments?post=395"}],"version-history":[{"count":3,"href":"https:\/\/replikamodels.star2com.com\/it\/wp-json\/wp\/v2\/pages\/395\/revisions"}],"predecessor-version":[{"id":657,"href":"https:\/\/replikamodels.star2com.com\/it\/wp-json\/wp\/v2\/pages\/395\/revisions\/657"}],"up":[{"embeddable":true,"href":"https:\/\/replikamodels.star2com.com\/it\/wp-json\/wp\/v2\/pages\/417"}],"wp:attachment":[{"href":"https:\/\/replikamodels.star2com.com\/it\/wp-json\/wp\/v2\/media?parent=395"}],"curies":[{"name":"wp","href":"https:\/\/api.w.org\/{rel}","templated":true}]}}